{"id":204,"date":"2015-12-01T14:50:25","date_gmt":"2015-12-01T14:50:25","guid":{"rendered":"http:\/\/bedek.hr\/it\/?page_id=204"},"modified":"2015-12-01T14:50:25","modified_gmt":"2015-12-01T14:50:25","slug":"corone-provvisorie","status":"publish","type":"page","link":"https:\/\/bedek.hr\/it\/istruzioni-per-i-pazienti\/corone-provvisorie\/","title":{"rendered":"Corone provvisorie"},"content":{"rendered":"<p>Durante la produzione della corona permanente, sui denti sono poste le corone provvisorie. Queste corone proteggono dagli stimoli i denti levigati, aiutano a definire le gengive e permettono masticare, parlare e pronunciare normalmente e hanno una estetica relativamente buona, di solito migliore della iniziale.<\/p>\n<p>Le corone provvisorie si fissano con cemento provvisorio, che eccezionalmente pu\u00f2 cedere e la corona provvisoria pu\u00f2 staccare. Se questo succede, la corona si pu\u00f2 mettere di nuovo al dente senza paura di metterla in posizione sbagliata. La corona o il ponte provvisorio ha solo una posizione nella quale copre completamente il dente. Se pu\u00f2 mordere normalmente con la corona posta, l\u2019ha collocata in modo giusto. In ogni modo, perch\u00e9 questo non succeda di nuovo, si metta in contatto con il Suo dentista che rimetter\u00e0 il cemento provvisorio.<\/p>\n","protected":false},"excerpt":{"rendered":"<p>Durante la produzione della corona permanente, sui denti sono poste le corone provvisorie. Queste corone proteggono dagli stimoli i denti levigati, aiutano a definire le gengive e permettono masticare, parlare e pronunciare normalmente e hanno una estetica relativamente buona, di solito migliore della iniziale. Le corone provvisorie si fissano con cemento provvisorio, che eccezionalmente pu\u00f2<\/p>\n","protected":false},"author":1,"featured_media":0,"parent":209,"menu_order":0,"comment_status":"closed","ping_status":"closed","template":"","meta":{"ngg_post_thumbnail":0,"footnotes":""},"yoast_head":"<!-- This site is optimized with the Yoast SEO plugin v19.10 - https:\/\/yoast.com\/wordpress\/plugins\/seo\/ -->\n<title>Corone provvisorie - Bedek<\/title>\n<meta name=\"robots\" content=\"index, follow, max-snippet:-1, max-image-preview:large, max-video-preview:-1\" \/>\n<link rel=\"canonical\" href=\"http:\/\/bedek.hr\/it\/istruzioni-per-i-pazienti\/corone-provvisorie\/\" \/>\n<meta property=\"og:locale\" content=\"it_IT\" \/>\n<meta property=\"og:type\" content=\"article\" \/>\n<meta property=\"og:title\" content=\"Corone provvisorie - Bedek\" \/>\n<meta property=\"og:description\" content=\"Durante la produzione della corona permanente, sui denti sono poste le corone provvisorie. Queste corone proteggono dagli stimoli i denti levigati, aiutano a definire le gengive e permettono masticare, parlare e pronunciare normalmente e hanno una estetica relativamente buona, di solito migliore della iniziale. Le corone provvisorie si fissano con cemento provvisorio, che eccezionalmente pu\u00f2\" \/>\n<meta property=\"og:url\" content=\"http:\/\/bedek.hr\/it\/istruzioni-per-i-pazienti\/corone-provvisorie\/\" \/>\n<meta property=\"og:site_name\" content=\"Bedek\" \/>\n<meta name=\"twitter:card\" content=\"summary_large_image\" \/>\n<meta name=\"twitter:label1\" content=\"Tempo di lettura stimato\" \/>\n\t<meta name=\"twitter:data1\" content=\"1 minuto\" \/>\n<script type=\"application\/ld+json\" class=\"yoast-schema-graph\">{\"@context\":\"https:\/\/schema.org\",\"@graph\":[{\"@type\":\"WebPage\",\"@id\":\"http:\/\/bedek.hr\/it\/istruzioni-per-i-pazienti\/corone-provvisorie\/\",\"url\":\"http:\/\/bedek.hr\/it\/istruzioni-per-i-pazienti\/corone-provvisorie\/\",\"name\":\"Corone provvisorie - Bedek\",\"isPartOf\":{\"@id\":\"http:\/\/bedek.hr\/#website\"},\"datePublished\":\"2015-12-01T14:50:25+00:00\",\"dateModified\":\"2015-12-01T14:50:25+00:00\",\"breadcrumb\":{\"@id\":\"http:\/\/bedek.hr\/it\/istruzioni-per-i-pazienti\/corone-provvisorie\/#breadcrumb\"},\"inLanguage\":\"it-IT\",\"potentialAction\":[{\"@type\":\"ReadAction\",\"target\":[\"http:\/\/bedek.hr\/it\/istruzioni-per-i-pazienti\/corone-provvisorie\/\"]}]},{\"@type\":\"BreadcrumbList\",\"@id\":\"http:\/\/bedek.hr\/it\/istruzioni-per-i-pazienti\/corone-provvisorie\/#breadcrumb\",\"itemListElement\":[{\"@type\":\"ListItem\",\"position\":1,\"name\":\"Home\",\"item\":\"http:\/\/bedek.hr\/it\/\"},{\"@type\":\"ListItem\",\"position\":2,\"name\":\"Istruzioni per i pazienti\",\"item\":\"http:\/\/bedek.hr\/it\/istruzioni-per-i-pazienti\/\"},{\"@type\":\"ListItem\",\"position\":3,\"name\":\"Corone provvisorie\"}]},{\"@type\":\"WebSite\",\"@id\":\"http:\/\/bedek.hr\/#website\",\"url\":\"http:\/\/bedek.hr\/\",\"name\":\"Bedek\",\"description\":\"Ordinacija dentalne medicine mr.sc. Ivan Bedek, dr.med.dent.\",\"potentialAction\":[{\"@type\":\"SearchAction\",\"target\":{\"@type\":\"EntryPoint\",\"urlTemplate\":\"http:\/\/bedek.hr\/?s={search_term_string}\"},\"query-input\":\"required name=search_term_string\"}],\"inLanguage\":\"it-IT\"}]}<\/script>\n<!-- \/ Yoast SEO plugin. -->","yoast_head_json":{"title":"Corone provvisorie - Bedek","robots":{"index":"index","follow":"follow","max-snippet":"max-snippet:-1","max-image-preview":"max-image-preview:large","max-video-preview":"max-video-preview:-1"},"canonical":"http:\/\/bedek.hr\/it\/istruzioni-per-i-pazienti\/corone-provvisorie\/","og_locale":"it_IT","og_type":"article","og_title":"Corone provvisorie - Bedek","og_description":"Durante la produzione della corona permanente, sui denti sono poste le corone provvisorie. Queste corone proteggono dagli stimoli i denti levigati, aiutano a definire le gengive e permettono masticare, parlare e pronunciare normalmente e hanno una estetica relativamente buona, di solito migliore della iniziale. Le corone provvisorie si fissano con cemento provvisorio, che eccezionalmente pu\u00f2","og_url":"http:\/\/bedek.hr\/it\/istruzioni-per-i-pazienti\/corone-provvisorie\/","og_site_name":"Bedek","twitter_card":"summary_large_image","twitter_misc":{"Tempo di lettura stimato":"1 minuto"},"schema":{"@context":"https:\/\/schema.org","@graph":[{"@type":"WebPage","@id":"http:\/\/bedek.hr\/it\/istruzioni-per-i-pazienti\/corone-provvisorie\/","url":"http:\/\/bedek.hr\/it\/istruzioni-per-i-pazienti\/corone-provvisorie\/","name":"Corone provvisorie - Bedek","isPartOf":{"@id":"http:\/\/bedek.hr\/#website"},"datePublished":"2015-12-01T14:50:25+00:00","dateModified":"2015-12-01T14:50:25+00:00","breadcrumb":{"@id":"http:\/\/bedek.hr\/it\/istruzioni-per-i-pazienti\/corone-provvisorie\/#breadcrumb"},"inLanguage":"it-IT","potentialAction":[{"@type":"ReadAction","target":["http:\/\/bedek.hr\/it\/istruzioni-per-i-pazienti\/corone-provvisorie\/"]}]},{"@type":"BreadcrumbList","@id":"http:\/\/bedek.hr\/it\/istruzioni-per-i-pazienti\/corone-provvisorie\/#breadcrumb","itemListElement":[{"@type":"ListItem","position":1,"name":"Home","item":"http:\/\/bedek.hr\/it\/"},{"@type":"ListItem","position":2,"name":"Istruzioni per i pazienti","item":"http:\/\/bedek.hr\/it\/istruzioni-per-i-pazienti\/"},{"@type":"ListItem","position":3,"name":"Corone provvisorie"}]},{"@type":"WebSite","@id":"http:\/\/bedek.hr\/#website","url":"http:\/\/bedek.hr\/","name":"Bedek","description":"Ordinacija dentalne medicine mr.sc. Ivan Bedek, dr.med.dent.","potentialAction":[{"@type":"SearchAction","target":{"@type":"EntryPoint","urlTemplate":"http:\/\/bedek.hr\/?s={search_term_string}"},"query-input":"required name=search_term_string"}],"inLanguage":"it-IT"}]}},"_links":{"self":[{"href":"https:\/\/bedek.hr\/it\/wp-json\/wp\/v2\/pages\/204"}],"collection":[{"href":"https:\/\/bedek.hr\/it\/wp-json\/wp\/v2\/pages"}],"about":[{"href":"https:\/\/bedek.hr\/it\/wp-json\/wp\/v2\/types\/page"}],"author":[{"embeddable":true,"href":"https:\/\/bedek.hr\/it\/wp-json\/wp\/v2\/users\/1"}],"replies":[{"embeddable":true,"href":"https:\/\/bedek.hr\/it\/wp-json\/wp\/v2\/comments?post=204"}],"version-history":[{"count":1,"href":"https:\/\/bedek.hr\/it\/wp-json\/wp\/v2\/pages\/204\/revisions"}],"predecessor-version":[{"id":205,"href":"https:\/\/bedek.hr\/it\/wp-json\/wp\/v2\/pages\/204\/revisions\/205"}],"up":[{"embeddable":true,"href":"https:\/\/bedek.hr\/it\/wp-json\/wp\/v2\/pages\/209"}],"wp:attachment":[{"href":"https:\/\/bedek.hr\/it\/wp-json\/wp\/v2\/media?parent=204"}],"curies":[{"name":"wp","href":"https:\/\/api.w.org\/{rel}","templated":true}]}}