{"id":217,"date":"2015-12-01T14:57:44","date_gmt":"2015-12-01T14:57:44","guid":{"rendered":"http:\/\/bedek.hr\/it\/?page_id=217"},"modified":"2015-12-01T14:57:44","modified_gmt":"2015-12-01T14:57:44","slug":"consigli-dopo-lo-sbiancamento-dei-denti","status":"publish","type":"page","link":"https:\/\/bedek.hr\/it\/istruzioni-per-i-pazienti\/consigli-dopo-lo-sbiancamento-dei-denti\/","title":{"rendered":"Consigli dopo lo sbiancamento dei denti"},"content":{"rendered":"<p>Durante e alcuni giorni dopo lo sbiancamento dei denti, al fine di ottenere un effetto buono e duraturo, \u00e8 necessario evitare le bibite e il cibo colorato e smettere o ridurre significativamente il fumo.<\/p>\n<p>Dovrebbe evitare caff\u00e8 e t\u00e8 verde o nero, Coca-cola, succhi di mirtili, more e simili, vino rosso, bacche scure, barbabietola, salse scure e cibo e bibite del genere. Il consumo di tale cibo e bibite pu\u00f2 colorare pi\u00f9 facilmente i denti sbiancati perch\u00e9 questi sono pi\u00f9 sensibili ai pigmenti del cibo dopo lo sbiancamento.<\/p>\n<p>A volte durante o dopo lo sbiancamento i denti possono diventare ipersensibili. L\u2019ipersensibilit\u00e0 dei denti di solito diminuisce progressivamente e finisce dopo alcuni giorni, per\u00f2 se dura, si rivolga al Suo dentista per ricevere la medicina per ridurre l\u2019ipersensibilit\u00e0.<\/p>\n","protected":false},"excerpt":{"rendered":"<p>Durante e alcuni giorni dopo lo sbiancamento dei denti, al fine di ottenere un effetto buono e duraturo, \u00e8 necessario evitare le bibite e il cibo colorato e smettere o ridurre significativamente il fumo. Dovrebbe evitare caff\u00e8 e t\u00e8 verde o nero, Coca-cola, succhi di mirtili, more e simili, vino rosso, bacche scure, barbabietola, salse<\/p>\n","protected":false},"author":1,"featured_media":0,"parent":209,"menu_order":0,"comment_status":"closed","ping_status":"closed","template":"","meta":{"ngg_post_thumbnail":0,"footnotes":""},"yoast_head":"<!-- This site is optimized with the Yoast SEO plugin v19.10 - https:\/\/yoast.com\/wordpress\/plugins\/seo\/ -->\n<title>Consigli dopo lo sbiancamento dei denti - Bedek<\/title>\n<meta name=\"robots\" content=\"index, follow, max-snippet:-1, max-image-preview:large, max-video-preview:-1\" \/>\n<link rel=\"canonical\" href=\"http:\/\/bedek.hr\/it\/istruzioni-per-i-pazienti\/consigli-dopo-lo-sbiancamento-dei-denti\/\" \/>\n<meta property=\"og:locale\" content=\"it_IT\" \/>\n<meta property=\"og:type\" content=\"article\" \/>\n<meta property=\"og:title\" content=\"Consigli dopo lo sbiancamento dei denti - Bedek\" \/>\n<meta property=\"og:description\" content=\"Durante e alcuni giorni dopo lo sbiancamento dei denti, al fine di ottenere un effetto buono e duraturo, \u00e8 necessario evitare le bibite e il cibo colorato e smettere o ridurre significativamente il fumo. Dovrebbe evitare caff\u00e8 e t\u00e8 verde o nero, Coca-cola, succhi di mirtili, more e simili, vino rosso, bacche scure, barbabietola, salse\" \/>\n<meta property=\"og:url\" content=\"http:\/\/bedek.hr\/it\/istruzioni-per-i-pazienti\/consigli-dopo-lo-sbiancamento-dei-denti\/\" \/>\n<meta property=\"og:site_name\" content=\"Bedek\" \/>\n<meta name=\"twitter:card\" content=\"summary_large_image\" \/>\n<meta name=\"twitter:label1\" content=\"Tempo di lettura stimato\" \/>\n\t<meta name=\"twitter:data1\" content=\"1 minuto\" \/>\n<script type=\"application\/ld+json\" class=\"yoast-schema-graph\">{\"@context\":\"https:\/\/schema.org\",\"@graph\":[{\"@type\":\"WebPage\",\"@id\":\"http:\/\/bedek.hr\/it\/istruzioni-per-i-pazienti\/consigli-dopo-lo-sbiancamento-dei-denti\/\",\"url\":\"http:\/\/bedek.hr\/it\/istruzioni-per-i-pazienti\/consigli-dopo-lo-sbiancamento-dei-denti\/\",\"name\":\"Consigli dopo lo sbiancamento dei denti - Bedek\",\"isPartOf\":{\"@id\":\"http:\/\/bedek.hr\/#website\"},\"datePublished\":\"2015-12-01T14:57:44+00:00\",\"dateModified\":\"2015-12-01T14:57:44+00:00\",\"breadcrumb\":{\"@id\":\"http:\/\/bedek.hr\/it\/istruzioni-per-i-pazienti\/consigli-dopo-lo-sbiancamento-dei-denti\/#breadcrumb\"},\"inLanguage\":\"it-IT\",\"potentialAction\":[{\"@type\":\"ReadAction\",\"target\":[\"http:\/\/bedek.hr\/it\/istruzioni-per-i-pazienti\/consigli-dopo-lo-sbiancamento-dei-denti\/\"]}]},{\"@type\":\"BreadcrumbList\",\"@id\":\"http:\/\/bedek.hr\/it\/istruzioni-per-i-pazienti\/consigli-dopo-lo-sbiancamento-dei-denti\/#breadcrumb\",\"itemListElement\":[{\"@type\":\"ListItem\",\"position\":1,\"name\":\"Home\",\"item\":\"http:\/\/bedek.hr\/it\/\"},{\"@type\":\"ListItem\",\"position\":2,\"name\":\"Istruzioni per i pazienti\",\"item\":\"http:\/\/bedek.hr\/it\/istruzioni-per-i-pazienti\/\"},{\"@type\":\"ListItem\",\"position\":3,\"name\":\"Consigli dopo lo sbiancamento dei denti\"}]},{\"@type\":\"WebSite\",\"@id\":\"http:\/\/bedek.hr\/#website\",\"url\":\"http:\/\/bedek.hr\/\",\"name\":\"Bedek\",\"description\":\"Ordinacija dentalne medicine mr.sc. Ivan Bedek, dr.med.dent.\",\"potentialAction\":[{\"@type\":\"SearchAction\",\"target\":{\"@type\":\"EntryPoint\",\"urlTemplate\":\"http:\/\/bedek.hr\/?s={search_term_string}\"},\"query-input\":\"required name=search_term_string\"}],\"inLanguage\":\"it-IT\"}]}<\/script>\n<!-- \/ Yoast SEO plugin. -->","yoast_head_json":{"title":"Consigli dopo lo sbiancamento dei denti - Bedek","robots":{"index":"index","follow":"follow","max-snippet":"max-snippet:-1","max-image-preview":"max-image-preview:large","max-video-preview":"max-video-preview:-1"},"canonical":"http:\/\/bedek.hr\/it\/istruzioni-per-i-pazienti\/consigli-dopo-lo-sbiancamento-dei-denti\/","og_locale":"it_IT","og_type":"article","og_title":"Consigli dopo lo sbiancamento dei denti - Bedek","og_description":"Durante e alcuni giorni dopo lo sbiancamento dei denti, al fine di ottenere un effetto buono e duraturo, \u00e8 necessario evitare le bibite e il cibo colorato e smettere o ridurre significativamente il fumo. Dovrebbe evitare caff\u00e8 e t\u00e8 verde o nero, Coca-cola, succhi di mirtili, more e simili, vino rosso, bacche scure, barbabietola, salse","og_url":"http:\/\/bedek.hr\/it\/istruzioni-per-i-pazienti\/consigli-dopo-lo-sbiancamento-dei-denti\/","og_site_name":"Bedek","twitter_card":"summary_large_image","twitter_misc":{"Tempo di lettura stimato":"1 minuto"},"schema":{"@context":"https:\/\/schema.org","@graph":[{"@type":"WebPage","@id":"http:\/\/bedek.hr\/it\/istruzioni-per-i-pazienti\/consigli-dopo-lo-sbiancamento-dei-denti\/","url":"http:\/\/bedek.hr\/it\/istruzioni-per-i-pazienti\/consigli-dopo-lo-sbiancamento-dei-denti\/","name":"Consigli dopo lo sbiancamento dei denti - Bedek","isPartOf":{"@id":"http:\/\/bedek.hr\/#website"},"datePublished":"2015-12-01T14:57:44+00:00","dateModified":"2015-12-01T14:57:44+00:00","breadcrumb":{"@id":"http:\/\/bedek.hr\/it\/istruzioni-per-i-pazienti\/consigli-dopo-lo-sbiancamento-dei-denti\/#breadcrumb"},"inLanguage":"it-IT","potentialAction":[{"@type":"ReadAction","target":["http:\/\/bedek.hr\/it\/istruzioni-per-i-pazienti\/consigli-dopo-lo-sbiancamento-dei-denti\/"]}]},{"@type":"BreadcrumbList","@id":"http:\/\/bedek.hr\/it\/istruzioni-per-i-pazienti\/consigli-dopo-lo-sbiancamento-dei-denti\/#breadcrumb","itemListElement":[{"@type":"ListItem","position":1,"name":"Home","item":"http:\/\/bedek.hr\/it\/"},{"@type":"ListItem","position":2,"name":"Istruzioni per i pazienti","item":"http:\/\/bedek.hr\/it\/istruzioni-per-i-pazienti\/"},{"@type":"ListItem","position":3,"name":"Consigli dopo lo sbiancamento dei denti"}]},{"@type":"WebSite","@id":"http:\/\/bedek.hr\/#website","url":"http:\/\/bedek.hr\/","name":"Bedek","description":"Ordinacija dentalne medicine mr.sc. Ivan Bedek, dr.med.dent.","potentialAction":[{"@type":"SearchAction","target":{"@type":"EntryPoint","urlTemplate":"http:\/\/bedek.hr\/?s={search_term_string}"},"query-input":"required name=search_term_string"}],"inLanguage":"it-IT"}]}},"_links":{"self":[{"href":"https:\/\/bedek.hr\/it\/wp-json\/wp\/v2\/pages\/217"}],"collection":[{"href":"https:\/\/bedek.hr\/it\/wp-json\/wp\/v2\/pages"}],"about":[{"href":"https:\/\/bedek.hr\/it\/wp-json\/wp\/v2\/types\/page"}],"author":[{"embeddable":true,"href":"https:\/\/bedek.hr\/it\/wp-json\/wp\/v2\/users\/1"}],"replies":[{"embeddable":true,"href":"https:\/\/bedek.hr\/it\/wp-json\/wp\/v2\/comments?post=217"}],"version-history":[{"count":1,"href":"https:\/\/bedek.hr\/it\/wp-json\/wp\/v2\/pages\/217\/revisions"}],"predecessor-version":[{"id":218,"href":"https:\/\/bedek.hr\/it\/wp-json\/wp\/v2\/pages\/217\/revisions\/218"}],"up":[{"embeddable":true,"href":"https:\/\/bedek.hr\/it\/wp-json\/wp\/v2\/pages\/209"}],"wp:attachment":[{"href":"https:\/\/bedek.hr\/it\/wp-json\/wp\/v2\/media?parent=217"}],"curies":[{"name":"wp","href":"https:\/\/api.w.org\/{rel}","templated":true}]}}