{"id":228,"date":"2015-11-13T11:59:47","date_gmt":"2015-11-13T11:59:47","guid":{"rendered":"http:\/\/bedek.hr\/it\/dentists\/"},"modified":"2016-02-10T09:10:52","modified_gmt":"2016-02-10T09:10:52","slug":"dentisti","status":"publish","type":"page","link":"https:\/\/bedek.hr\/it\/dentisti\/","title":{"rendered":"Dentisti"},"content":{"rendered":"<p><a href=\"http:\/\/bedek.hr\/wp-content\/uploads\/2015\/11\/ivan.png\"><img loading=\"lazy\" decoding=\"async\" class=\"alignleft wp-image-305 size-medium\" src=\"http:\/\/bedek.hr\/wp-content\/uploads\/2015\/11\/ivan-239x300.png\" alt=\"\" width=\"239\" height=\"300\" srcset=\"https:\/\/bedek.hr\/wp-content\/uploads\/2015\/11\/ivan-239x300.png 239w, https:\/\/bedek.hr\/wp-content\/uploads\/2015\/11\/ivan-149x187.png 149w, https:\/\/bedek.hr\/wp-content\/uploads\/2015\/11\/ivan.png 250w\" sizes=\"(max-width: 239px) 100vw, 239px\" \/><\/a><\/p>\n<h3>mr.sc. Ivan Bedek, dr.med.dent.<\/h3>\n<p>Ivan Bedek \u00e8 nato a Zagabria nel 1979. Si \u00e8 diplomato al Liceo Classico di Zagabria nel 1998 e lo stesso anno si \u00e8 iscritto alla Facolt\u00e0 di odontoiatria di Zagabria. Si \u00e8 laureato nel 2004 con la tesi di laurea \u201cIl trattamento odontoiatrico di bambini con bisogni speciali\u201d. Nel 2010 ha ottenuto la laurea magistrale nella Facolt\u00e0 di odontoiatria di Zagabria con la tesi \u201cil potenziale erosivo delle bibite pi\u00f9 consumate nell\u2019adolescenza\u201d. Lo stesso anno si \u00e8 iscritto in corso di dottorato e sta scrivendo la tesi di dottorato sotto il titolo \u201cLa creazione dello standard croato per la valutazione dell\u2019et\u00e0 dentale dei bambini sul campione delle radiografie digitali\u201d. Continua la sua formazione ai seminari in Croazia e all\u2019estero.<\/p>\n<p>Vive e lavora a Zagabria.<\/p>\n<p>&nbsp;<\/p>\n<p>&nbsp;<\/p>\n<p>&nbsp;<\/p>\n<p>&nbsp;<\/p>\n<p><a href=\"http:\/\/bedek.hr\/wp-content\/uploads\/2015\/11\/marija.png\"><img loading=\"lazy\" decoding=\"async\" class=\"alignleft wp-image-306 size-medium\" src=\"http:\/\/bedek.hr\/wp-content\/uploads\/2015\/11\/marija-239x300.png\" alt=\"\" width=\"239\" height=\"300\" srcset=\"https:\/\/bedek.hr\/wp-content\/uploads\/2015\/11\/marija-239x300.png 239w, https:\/\/bedek.hr\/wp-content\/uploads\/2015\/11\/marija-149x187.png 149w, https:\/\/bedek.hr\/wp-content\/uploads\/2015\/11\/marija.png 250w\" sizes=\"(max-width: 239px) 100vw, 239px\" \/><\/a><\/p>\n<h3 style=\"margin-bottom: -10px;\">Marija Bedek, dr.med.dent.<\/h3>\n<h4>Odontoiatra infantile<\/h4>\n<p>&nbsp;<\/p>\n<p>Marija Bedek \u00e8 nata a Zagabria nel 1952. Si \u00e8 diplomata al Liceo Classico di Zagabria nel 1971 e lo stesso anno si \u00e8 iscritta alla Facolt\u00e0 di odontoiatria di Zagabria. Si \u00e8 laureata nel 1976 e subito ha cominciato a lavorare nell\u2019ambulanza della medicina scolastica a Zabok dove ha lavorato fino ad andare al corso di specializzazione post-laurea nel 1986. Ha superato l\u2019esame specialistico in odontoiatria pediatrica e preventiva nel 1989.<\/p>\n<p>Nel 1991 apre studio dentale privato a Zagabria e nel 2014 lo trasferisce a Ivan Bedek che continua a lavorarci.<\/p>\n","protected":false},"excerpt":{"rendered":"<p>mr.sc. Ivan Bedek, dr.med.dent. Ivan Bedek \u00e8 nato a Zagabria nel 1979. Si \u00e8 diplomato al Liceo Classico di Zagabria nel 1998 e lo stesso anno si \u00e8 iscritto alla Facolt\u00e0 di odontoiatria di Zagabria. Si \u00e8 laureato nel 2004 con la tesi di laurea \u201cIl trattamento odontoiatrico di bambini con bisogni speciali\u201d. Nel 2010<\/p>\n","protected":false},"author":1,"featured_media":0,"parent":0,"menu_order":0,"comment_status":"closed","ping_status":"closed","template":"","meta":{"ngg_post_thumbnail":0,"footnotes":""},"yoast_head":"<!-- This site is optimized with the Yoast SEO plugin v19.10 - https:\/\/yoast.com\/wordpress\/plugins\/seo\/ -->\n<title>Dentisti - Bedek<\/title>\n<meta name=\"robots\" content=\"index, follow, max-snippet:-1, max-image-preview:large, max-video-preview:-1\" \/>\n<link rel=\"canonical\" href=\"http:\/\/bedek.hr\/it\/dentisti\/\" \/>\n<meta property=\"og:locale\" content=\"it_IT\" \/>\n<meta property=\"og:type\" content=\"article\" \/>\n<meta property=\"og:title\" content=\"Dentisti - Bedek\" \/>\n<meta property=\"og:description\" content=\"mr.sc. Ivan Bedek, dr.med.dent. Ivan Bedek \u00e8 nato a Zagabria nel 1979. Si \u00e8 diplomato al Liceo Classico di Zagabria nel 1998 e lo stesso anno si \u00e8 iscritto alla Facolt\u00e0 di odontoiatria di Zagabria. Si \u00e8 laureato nel 2004 con la tesi di laurea \u201cIl trattamento odontoiatrico di bambini con bisogni speciali\u201d. Nel 2010\" \/>\n<meta property=\"og:url\" content=\"http:\/\/bedek.hr\/it\/dentisti\/\" \/>\n<meta property=\"og:site_name\" content=\"Bedek\" \/>\n<meta property=\"article:modified_time\" content=\"2016-02-10T09:10:52+00:00\" \/>\n<meta property=\"og:image\" content=\"http:\/\/bedek.hr\/wp-content\/uploads\/2015\/11\/ivan-239x300.png\" \/>\n<meta name=\"twitter:card\" content=\"summary_large_image\" \/>\n<meta name=\"twitter:label1\" content=\"Tempo di lettura stimato\" \/>\n\t<meta name=\"twitter:data1\" content=\"1 minuto\" \/>\n<script type=\"application\/ld+json\" class=\"yoast-schema-graph\">{\"@context\":\"https:\/\/schema.org\",\"@graph\":[{\"@type\":\"WebPage\",\"@id\":\"http:\/\/bedek.hr\/it\/dentisti\/\",\"url\":\"http:\/\/bedek.hr\/it\/dentisti\/\",\"name\":\"Dentisti - Bedek\",\"isPartOf\":{\"@id\":\"http:\/\/bedek.hr\/#website\"},\"datePublished\":\"2015-11-13T11:59:47+00:00\",\"dateModified\":\"2016-02-10T09:10:52+00:00\",\"breadcrumb\":{\"@id\":\"http:\/\/bedek.hr\/it\/dentisti\/#breadcrumb\"},\"inLanguage\":\"it-IT\",\"potentialAction\":[{\"@type\":\"ReadAction\",\"target\":[\"http:\/\/bedek.hr\/it\/dentisti\/\"]}]},{\"@type\":\"BreadcrumbList\",\"@id\":\"http:\/\/bedek.hr\/it\/dentisti\/#breadcrumb\",\"itemListElement\":[{\"@type\":\"ListItem\",\"position\":1,\"name\":\"Home\",\"item\":\"http:\/\/bedek.hr\/it\/\"},{\"@type\":\"ListItem\",\"position\":2,\"name\":\"Dentisti\"}]},{\"@type\":\"WebSite\",\"@id\":\"http:\/\/bedek.hr\/#website\",\"url\":\"http:\/\/bedek.hr\/\",\"name\":\"Bedek\",\"description\":\"Ordinacija dentalne medicine mr.sc. Ivan Bedek, dr.med.dent.\",\"potentialAction\":[{\"@type\":\"SearchAction\",\"target\":{\"@type\":\"EntryPoint\",\"urlTemplate\":\"http:\/\/bedek.hr\/?s={search_term_string}\"},\"query-input\":\"required name=search_term_string\"}],\"inLanguage\":\"it-IT\"}]}<\/script>\n<!-- \/ Yoast SEO plugin. -->","yoast_head_json":{"title":"Dentisti - Bedek","robots":{"index":"index","follow":"follow","max-snippet":"max-snippet:-1","max-image-preview":"max-image-preview:large","max-video-preview":"max-video-preview:-1"},"canonical":"http:\/\/bedek.hr\/it\/dentisti\/","og_locale":"it_IT","og_type":"article","og_title":"Dentisti - Bedek","og_description":"mr.sc. Ivan Bedek, dr.med.dent. Ivan Bedek \u00e8 nato a Zagabria nel 1979. Si \u00e8 diplomato al Liceo Classico di Zagabria nel 1998 e lo stesso anno si \u00e8 iscritto alla Facolt\u00e0 di odontoiatria di Zagabria. Si \u00e8 laureato nel 2004 con la tesi di laurea \u201cIl trattamento odontoiatrico di bambini con bisogni speciali\u201d. Nel 2010","og_url":"http:\/\/bedek.hr\/it\/dentisti\/","og_site_name":"Bedek","article_modified_time":"2016-02-10T09:10:52+00:00","og_image":[{"url":"http:\/\/bedek.hr\/wp-content\/uploads\/2015\/11\/ivan-239x300.png"}],"twitter_card":"summary_large_image","twitter_misc":{"Tempo di lettura stimato":"1 minuto"},"schema":{"@context":"https:\/\/schema.org","@graph":[{"@type":"WebPage","@id":"http:\/\/bedek.hr\/it\/dentisti\/","url":"http:\/\/bedek.hr\/it\/dentisti\/","name":"Dentisti - Bedek","isPartOf":{"@id":"http:\/\/bedek.hr\/#website"},"datePublished":"2015-11-13T11:59:47+00:00","dateModified":"2016-02-10T09:10:52+00:00","breadcrumb":{"@id":"http:\/\/bedek.hr\/it\/dentisti\/#breadcrumb"},"inLanguage":"it-IT","potentialAction":[{"@type":"ReadAction","target":["http:\/\/bedek.hr\/it\/dentisti\/"]}]},{"@type":"BreadcrumbList","@id":"http:\/\/bedek.hr\/it\/dentisti\/#breadcrumb","itemListElement":[{"@type":"ListItem","position":1,"name":"Home","item":"http:\/\/bedek.hr\/it\/"},{"@type":"ListItem","position":2,"name":"Dentisti"}]},{"@type":"WebSite","@id":"http:\/\/bedek.hr\/#website","url":"http:\/\/bedek.hr\/","name":"Bedek","description":"Ordinacija dentalne medicine mr.sc. Ivan Bedek, dr.med.dent.","potentialAction":[{"@type":"SearchAction","target":{"@type":"EntryPoint","urlTemplate":"http:\/\/bedek.hr\/?s={search_term_string}"},"query-input":"required name=search_term_string"}],"inLanguage":"it-IT"}]}},"_links":{"self":[{"href":"https:\/\/bedek.hr\/it\/wp-json\/wp\/v2\/pages\/228"}],"collection":[{"href":"https:\/\/bedek.hr\/it\/wp-json\/wp\/v2\/pages"}],"about":[{"href":"https:\/\/bedek.hr\/it\/wp-json\/wp\/v2\/types\/page"}],"author":[{"embeddable":true,"href":"https:\/\/bedek.hr\/it\/wp-json\/wp\/v2\/users\/1"}],"replies":[{"embeddable":true,"href":"https:\/\/bedek.hr\/it\/wp-json\/wp\/v2\/comments?post=228"}],"version-history":[{"count":6,"href":"https:\/\/bedek.hr\/it\/wp-json\/wp\/v2\/pages\/228\/revisions"}],"predecessor-version":[{"id":336,"href":"https:\/\/bedek.hr\/it\/wp-json\/wp\/v2\/pages\/228\/revisions\/336"}],"wp:attachment":[{"href":"https:\/\/bedek.hr\/it\/wp-json\/wp\/v2\/media?parent=228"}],"curies":[{"name":"wp","href":"https:\/\/api.w.org\/{rel}","templated":true}]}}